{"id":6423,"date":"2026-04-20T21:51:54","date_gmt":"2026-04-20T19:51:54","guid":{"rendered":"https:\/\/aikido50.pl\/?post_type=product&#038;p=6423"},"modified":"2026-04-22T11:58:25","modified_gmt":"2026-04-22T09:58:25","slug":"50-lat-aikido-w-polsce-bankiet-bilet-wstepu","status":"publish","type":"product","link":"https:\/\/aikido50.pl\/en\/ticket\/50-lat-aikido-w-polsce-bankiet-bilet-wstepu\/","title":{"rendered":"Bankiet\/Gala Dinner 50-lat Aikido w Polsce &#8211; bilet wst\u0119pu"},"content":{"rendered":"<p data-start=\"0\" data-end=\"71\"><strong data-start=\"0\" data-end=\"71\">\ud83c\udf9f Bilet na Uroczysty Bankiet Jubileuszowy \u2013 50 lat Aikido w Polsce<\/strong><\/p>\n<p data-start=\"73\" data-end=\"364\">Bilet uprawnia do udzia\u0142u w uroczystym bankiecie z udzia\u0142em Dojo Cho oraz zaproszonych go\u015bci specjalnych, organizowanym z okazji jubileuszu 50-lecia aikido w Polsce. Wydarzenie stanowi wyj\u0105tkow\u0105 okazj\u0119 do wsp\u00f3lnego \u015bwi\u0119towania, spotka\u0144 i rozm\u00f3w w eleganckiej, a zarazem swobodnej atmosferze.<\/p>\n<hr data-start=\"366\" data-end=\"369\" \/>\n<h3 data-section-id=\"1vrmep0\" data-start=\"371\" data-end=\"398\">\ud83d\udcc5 Szczeg\u00f3\u0142y wydarzenia<\/h3>\n<ul data-start=\"399\" data-end=\"459\">\n<li data-section-id=\"14iakvp\" data-start=\"399\" data-end=\"436\"><strong data-start=\"401\" data-end=\"410\">Data:<\/strong> sobota, 13 czerwca 2026<\/li>\n<li data-section-id=\"141ywih\" data-start=\"437\" data-end=\"459\"><strong data-start=\"439\" data-end=\"451\">Godzina:<\/strong> 20:30<\/li>\n<li data-section-id=\"141ywih\" data-start=\"437\" data-end=\"459\"><strong>Miejsce:<\/strong> Concordia Design, Zwierzyniecka 3, 60-813 Pozna\u0144<\/li>\n<\/ul>\n<hr data-start=\"461\" data-end=\"464\" \/>\n<h3 data-section-id=\"9nhuc7\" data-start=\"466\" data-end=\"487\">\ud83c\udf7d W cenie biletu<\/h3>\n<ul data-start=\"488\" data-end=\"614\">\n<li data-section-id=\"p7o7fk\" data-start=\"488\" data-end=\"521\">udzia\u0142 w uroczystym bankiecie<\/li>\n<li data-section-id=\"ps55mr\" data-start=\"522\" data-end=\"551\">dost\u0119p do ciep\u0142ego bufetu<\/li>\n<li data-section-id=\"9lhd4l\" data-start=\"552\" data-end=\"576\">napoje bezalkoholowe<\/li>\n<li data-section-id=\"1agcupl\" data-start=\"577\" data-end=\"614\">mo\u017cliwo\u015b\u0107 zakupu alkoholu w barze<\/li>\n<\/ul>\n<h3 data-section-id=\"9v40sp\" data-start=\"658\" data-end=\"689\">\u26a0\ufe0f Informacje organizacyjne<\/h3>\n<p data-start=\"690\" data-end=\"857\">Liczba miejsc jest <strong data-start=\"709\" data-end=\"731\">\u015bci\u015ble ograniczona<\/strong>.<\/p>","protected":false},"excerpt":{"rendered":"<p>\ud83c\udf9f Bilet na Uroczysty Bankiet Jubileuszowy \u2013 50 lat Aikido w Polsce Bilet uprawnia do udzia\u0142u w uroczystym bankiecie z udzia\u0142em Dojo Cho oraz zaproszonych go\u015bci specjalnych, organizowanym z okazji jubileuszu 50-lecia aikido w Polsce. Wydarzenie stanowi wyj\u0105tkow\u0105 okazj\u0119 do&#8230;<\/p>","protected":false},"author":3,"featured_media":6425,"template":"","meta":[],"product_brand":[],"product_cat":[15],"product_tag":[],"class_list":{"0":"post-6423","1":"product","2":"type-product","3":"status-publish","4":"has-post-thumbnail","6":"product_cat-uncategorized","8":"first","9":"instock","10":"shipping-taxable","11":"purchasable","12":"product-type-simple"},"_links":{"self":[{"href":"https:\/\/aikido50.pl\/en\/wp-json\/wp\/v2\/product\/6423","targetHints":{"allow":["GET"]}}],"collection":[{"href":"https:\/\/aikido50.pl\/en\/wp-json\/wp\/v2\/product"}],"about":[{"href":"https:\/\/aikido50.pl\/en\/wp-json\/wp\/v2\/types\/product"}],"author":[{"embeddable":true,"href":"https:\/\/aikido50.pl\/en\/wp-json\/wp\/v2\/users\/3"}],"wp:featuredmedia":[{"embeddable":true,"href":"https:\/\/aikido50.pl\/en\/wp-json\/wp\/v2\/media\/6425"}],"wp:attachment":[{"href":"https:\/\/aikido50.pl\/en\/wp-json\/wp\/v2\/media?parent=6423"}],"wp:term":[{"taxonomy":"product_brand","embeddable":true,"href":"https:\/\/aikido50.pl\/en\/wp-json\/wp\/v2\/product_brand?post=6423"},{"taxonomy":"product_cat","embeddable":true,"href":"https:\/\/aikido50.pl\/en\/wp-json\/wp\/v2\/product_cat?post=6423"},{"taxonomy":"product_tag","embeddable":true,"href":"https:\/\/aikido50.pl\/en\/wp-json\/wp\/v2\/product_tag?post=6423"}],"curies":[{"name":"wp","href":"https:\/\/api.w.org\/{rel}","templated":true}]}}