{"id":4490,"date":"2025-09-25T07:37:51","date_gmt":"2025-09-25T05:37:51","guid":{"rendered":"https:\/\/aikido50.pl\/?page_id=4490"},"modified":"2025-09-27T06:53:53","modified_gmt":"2025-09-27T04:53:53","slug":"lokalizacja-copy","status":"publish","type":"page","link":"https:\/\/aikido50.pl\/en\/lokalizacja-copy\/","title":{"rendered":"Lokalizacja Copy"},"content":{"rendered":"<div class=\"wpb-content-wrapper\"><div data-vc-full-width=\"true\" data-vc-full-width-init=\"false\" data-vc-stretch-content=\"true\" class=\"vc_row wpb_row vc_row-fluid gt-background-position-initial gt-background-attachment-initial gt-overflow-hidden gt-text-default vc_row-no-padding\"><div class=\"wpb_column vc_column_container vc_col-sm-12\"><div class=\"vc_column-inner\"><div class=\"wpb_wrapper\"><div class=\"vc_empty_space  vc_custom_1749661234676\"   style=\"height: 300px\"><span class=\"vc_empty_space_inner\"><\/span><\/div><\/div><\/div><\/div><\/div><div class=\"vc_row-full-width vc_clearfix\"><\/div><div class=\"vc_row wpb_row vc_row-fluid gt-background-position-initial gt-background-attachment-initial gt-overflow-hidden gt-text-default\"><div class=\"wpb_column vc_column_container vc_col-sm-12 vc_col-lg-1 vc_col-md-1 vc_col-xs-12\"><div class=\"vc_column-inner\"><div class=\"wpb_wrapper\"><\/div><\/div><\/div><div class=\"wpb_column vc_column_container vc_col-sm-12 vc_col-lg-10 vc_col-md-10 vc_col-xs-12\"><div class=\"vc_column-inner\"><div class=\"wpb_wrapper\"><div class=\"vc_empty_space\"   style=\"height: 75px\"><span class=\"vc_empty_space_inner\"><\/span><\/div><div class=\"gt-heading gt-dark gt-size1 gt-align-center\"><div class=\"gt-title\"><span>Location<\/span><\/div><div class=\"gt-separate\"><div class=\"gt-icon\"><svg xmlns=\"http:\/\/www.w3.org\/2000\/svg\" viewbox=\"0 0 384 512\"><!--!Font Awesome Free 6.7.2 by @fontawesome - https:\/\/fontawesome.com License - https:\/\/fontawesome.com\/license\/free Copyright 2025 Fonticons, Inc.--><path d=\"M215.7 499.2C267 435 384 279.4 384 192C384 86 298 0 192 0S0 86 0 192c0 87.4 117 243 168.3 307.2c12.3 15.3 35.1 15.3 47.4 0zM192 128a64 64 0 1 1 0 128 64 64 0 1 1 0-128z\"\/><\/svg><\/div><\/div><\/div><div class=\"vc_empty_space\"   style=\"height: 35px\"><span class=\"vc_empty_space_inner\"><\/span><\/div><\/div><\/div><\/div><div class=\"wpb_column vc_column_container vc_col-sm-12 vc_col-lg-1 vc_col-md-1 vc_col-xs-12\"><div class=\"vc_column-inner\"><div class=\"wpb_wrapper\"><\/div><\/div><\/div><\/div><div class=\"vc_row wpb_row vc_row-fluid gt-background-position-initial gt-background-attachment-initial gt-overflow-hidden gt-text-default\"><div class=\"wpb_column vc_column_container vc_col-sm-12\"><div class=\"vc_column-inner\"><div class=\"wpb_wrapper\">\n\t<div class=\"wpb_text_column wpb_content_element\" >\n\t\t<div class=\"wpb_wrapper\">\n\t\t\t<h2 data-start=\"127\" data-end=\"178\">Pozna\u0144 International Fair \u2013 the heart of the events<\/h2>\n<p data-start=\"180\" data-end=\"713\">The Pozna\u0144 International Fair is the largest and most modern trade fair and conference center in Poland, located in the heart of Pozna\u0144. For years, it has hosted prestigious national and international events \u2013 from congresses and trade fairs to sporting and recreational events.<\/p>\n<p data-start=\"180\" data-end=\"713\">Excellent infrastructure, convenient access, and spacious exhibition halls make MTP an ideal venue for sporting events, tournaments, and shows. This is where sport meets modernity, and passion meets professionalism.<\/p>\n\n\t\t<\/div>\n\t<\/div>\n<div class=\"wpb_gmaps_widget wpb_content_element vc_map_responsive\"><div class=\"wpb_wrapper\"><div class=\"wpb_map_wraper\"><iframe loading=\"lazy\" src=\"https:\/\/maps.google.com\/maps?q=Mi%C4%99dzynarodowe%20Targi%20Pozna%C5%84skie%2C%20Pozna%C5%84&#038;t=m&#038;z=10&#038;output=embed&#038;iwloc=near\" title=\"Mi\u0119dzynarodowe Targi Pozna\u0144skie, Pozna\u0144\" aria-label=\"Mi\u0119dzynarodowe Targi Pozna\u0144skie, Pozna\u0144\" ><\/iframe><\/div><\/div><\/div><div class=\"vc_empty_space\"   style=\"height: 35px\"><span class=\"vc_empty_space_inner\"><\/span><\/div><div class=\"gt-heading gt-dark gt-size1 gt-align-center\"><div class=\"gt-title\"><span>Dojo<\/span><\/div><div class=\"gt-separate\"><div class=\"gt-icon\"><svg xmlns=\"http:\/\/www.w3.org\/2000\/svg\" viewbox=\"0 0 384 512\"><!--!Font Awesome Free 6.7.2 by @fontawesome - https:\/\/fontawesome.com License - https:\/\/fontawesome.com\/license\/free Copyright 2025 Fonticons, Inc.--><path d=\"M215.7 499.2C267 435 384 279.4 384 192C384 86 298 0 192 0S0 86 0 192c0 87.4 117 243 168.3 307.2c12.3 15.3 35.1 15.3 47.4 0zM192 128a64 64 0 1 1 0 128 64 64 0 1 1 0-128z\"\/><\/svg><\/div><\/div><div class=\"gt-text\">Spacious hall, excellent conditions for exercise<\/div><\/div><div class=\"vc_empty_space\"   style=\"height: 35px\"><span class=\"vc_empty_space_inner\"><\/span><\/div><div class=\"wpb_gallery wpb_content_element vc_clearfix wpb_content_element\" ><div class=\"wpb_wrapper\"><div class=\"wpb_gallery_slides wpb_image_grid\" data-interval=\"3\"><ul class=\"wpb_image_grid_ul\"><li class=\"isotope-item\"><a class=\"\" href=\"https:\/\/aikido50.pl\/wp-content\/uploads\/2025\/06\/Pawilon-7-1-1-1024x683.jpg\" data-lightbox=\"lightbox[rel-4490-3530911579]\"><img loading=\"lazy\" decoding=\"async\" width=\"300\" height=\"200\" src=\"https:\/\/aikido50.pl\/wp-content\/uploads\/2025\/06\/Pawilon-7-1-1-300x200.jpg\" class=\"attachment-medium\" alt=\"\" title=\"\" srcset=\"https:\/\/aikido50.pl\/wp-content\/uploads\/2025\/06\/Pawilon-7-1-1-300x200.jpg 300w, https:\/\/aikido50.pl\/wp-content\/uploads\/2025\/06\/Pawilon-7-1-1-1024x683.jpg 1024w, https:\/\/aikido50.pl\/wp-content\/uploads\/2025\/06\/Pawilon-7-1-1-768x512.jpg 768w, https:\/\/aikido50.pl\/wp-content\/uploads\/2025\/06\/Pawilon-7-1-1-1536x1024.jpg 1536w, https:\/\/aikido50.pl\/wp-content\/uploads\/2025\/06\/Pawilon-7-1-1-600x400.jpg 600w, https:\/\/aikido50.pl\/wp-content\/uploads\/2025\/06\/Pawilon-7-1-1.jpg 1920w\" sizes=\"auto, (max-width: 300px) 100vw, 300px\" \/><\/a><\/li><li class=\"isotope-item\"><a class=\"\" href=\"https:\/\/aikido50.pl\/wp-content\/uploads\/2025\/06\/Pawilon-7-2-3-1024x683.jpg\" data-lightbox=\"lightbox[rel-4490-3530911579]\"><img loading=\"lazy\" decoding=\"async\" width=\"300\" height=\"200\" src=\"https:\/\/aikido50.pl\/wp-content\/uploads\/2025\/06\/Pawilon-7-2-3-300x200.jpg\" class=\"attachment-medium\" alt=\"\" title=\"\" srcset=\"https:\/\/aikido50.pl\/wp-content\/uploads\/2025\/06\/Pawilon-7-2-3-300x200.jpg 300w, https:\/\/aikido50.pl\/wp-content\/uploads\/2025\/06\/Pawilon-7-2-3-1024x683.jpg 1024w, https:\/\/aikido50.pl\/wp-content\/uploads\/2025\/06\/Pawilon-7-2-3-768x512.jpg 768w, https:\/\/aikido50.pl\/wp-content\/uploads\/2025\/06\/Pawilon-7-2-3-1536x1024.jpg 1536w, https:\/\/aikido50.pl\/wp-content\/uploads\/2025\/06\/Pawilon-7-2-3-600x400.jpg 600w, https:\/\/aikido50.pl\/wp-content\/uploads\/2025\/06\/Pawilon-7-2-3.jpg 1920w\" sizes=\"auto, (max-width: 300px) 100vw, 300px\" \/><\/a><\/li><\/ul><\/div><\/div><\/div><div class=\"vc_empty_space\"   style=\"height: 35px\"><span class=\"vc_empty_space_inner\"><\/span><\/div><div class=\"gt-heading gt-dark gt-size1 gt-align-center\"><div class=\"gt-title\"><span>Travel<\/span><\/div><div class=\"gt-separate\"><div class=\"gt-icon\"><svg xmlns=\"http:\/\/www.w3.org\/2000\/svg\" viewbox=\"0 0 384 512\"><!--!Font Awesome Free 6.7.2 by @fontawesome - https:\/\/fontawesome.com License - https:\/\/fontawesome.com\/license\/free Copyright 2025 Fonticons, Inc.--><path d=\"M215.7 499.2C267 435 384 279.4 384 192C384 86 298 0 192 0S0 86 0 192c0 87.4 117 243 168.3 307.2c12.3 15.3 35.1 15.3 47.4 0zM192 128a64 64 0 1 1 0 128 64 64 0 1 1 0-128z\"\/><\/svg><\/div><\/div><\/div><div class=\"vc_empty_space\"   style=\"height: 35px\"><span class=\"vc_empty_space_inner\"><\/span><\/div><div class=\"wpb_gallery wpb_content_element vc_clearfix wpb_content_element\" ><div class=\"wpb_wrapper\"><div class=\"wpb_gallery_slides wpb_image_grid\" data-interval=\"3\"><ul class=\"wpb_image_grid_ul\"><li class=\"isotope-item\"><a class=\"\" href=\"https:\/\/aikido50.pl\/wp-content\/uploads\/2025\/06\/2025-06-19_22h01_47-1024x724.png\" data-lightbox=\"lightbox[rel-4490-314900191]\"><img loading=\"lazy\" decoding=\"async\" width=\"300\" height=\"212\" src=\"https:\/\/aikido50.pl\/wp-content\/uploads\/2025\/06\/2025-06-19_22h01_47-300x212.png\" class=\"attachment-medium\" alt=\"\" title=\"2025-06-19_22h01_47\" srcset=\"https:\/\/aikido50.pl\/wp-content\/uploads\/2025\/06\/2025-06-19_22h01_47-300x212.png 300w, https:\/\/aikido50.pl\/wp-content\/uploads\/2025\/06\/2025-06-19_22h01_47-1024x724.png 1024w, https:\/\/aikido50.pl\/wp-content\/uploads\/2025\/06\/2025-06-19_22h01_47-768x543.png 768w, https:\/\/aikido50.pl\/wp-content\/uploads\/2025\/06\/2025-06-19_22h01_47-600x424.png 600w, https:\/\/aikido50.pl\/wp-content\/uploads\/2025\/06\/2025-06-19_22h01_47.png 1118w\" sizes=\"auto, (max-width: 300px) 100vw, 300px\" \/><\/a><\/li><li class=\"isotope-item\"><a class=\"\" href=\"https:\/\/aikido50.pl\/wp-content\/uploads\/2025\/06\/2025-06-19_22h02_29-1024x722.png\" data-lightbox=\"lightbox[rel-4490-314900191]\"><img loading=\"lazy\" decoding=\"async\" width=\"300\" height=\"211\" src=\"https:\/\/aikido50.pl\/wp-content\/uploads\/2025\/06\/2025-06-19_22h02_29-300x211.png\" class=\"attachment-medium\" alt=\"\" title=\"2025-06-19_22h02_29\" srcset=\"https:\/\/aikido50.pl\/wp-content\/uploads\/2025\/06\/2025-06-19_22h02_29-300x211.png 300w, https:\/\/aikido50.pl\/wp-content\/uploads\/2025\/06\/2025-06-19_22h02_29-1024x722.png 1024w, https:\/\/aikido50.pl\/wp-content\/uploads\/2025\/06\/2025-06-19_22h02_29-768x541.png 768w, https:\/\/aikido50.pl\/wp-content\/uploads\/2025\/06\/2025-06-19_22h02_29-600x423.png 600w, https:\/\/aikido50.pl\/wp-content\/uploads\/2025\/06\/2025-06-19_22h02_29.png 1122w\" sizes=\"auto, (max-width: 300px) 100vw, 300px\" \/><\/a><\/li><li class=\"isotope-item\"><a class=\"\" href=\"https:\/\/aikido50.pl\/wp-content\/uploads\/2025\/06\/2025-06-19_22h03_43-1024x721.png\" data-lightbox=\"lightbox[rel-4490-314900191]\"><img loading=\"lazy\" decoding=\"async\" width=\"300\" height=\"211\" src=\"https:\/\/aikido50.pl\/wp-content\/uploads\/2025\/06\/2025-06-19_22h03_43-300x211.png\" class=\"attachment-medium\" alt=\"\" title=\"2025-06-19_22h03_43\" srcset=\"https:\/\/aikido50.pl\/wp-content\/uploads\/2025\/06\/2025-06-19_22h03_43-300x211.png 300w, https:\/\/aikido50.pl\/wp-content\/uploads\/2025\/06\/2025-06-19_22h03_43-1024x721.png 1024w, https:\/\/aikido50.pl\/wp-content\/uploads\/2025\/06\/2025-06-19_22h03_43-768x541.png 768w, https:\/\/aikido50.pl\/wp-content\/uploads\/2025\/06\/2025-06-19_22h03_43-600x423.png 600w, https:\/\/aikido50.pl\/wp-content\/uploads\/2025\/06\/2025-06-19_22h03_43.png 1120w\" sizes=\"auto, (max-width: 300px) 100vw, 300px\" \/><\/a><\/li><\/ul><\/div><\/div><\/div><div class=\"gt-heading gt-dark gt-size1 gt-align-center\"><div class=\"gt-title\"><span>Hotels<\/span><\/div><div class=\"gt-separate\"><div class=\"gt-icon\"><svg xmlns=\"http:\/\/www.w3.org\/2000\/svg\" viewbox=\"0 0 384 512\"><!--!Font Awesome Free 6.7.2 by @fontawesome - https:\/\/fontawesome.com License - https:\/\/fontawesome.com\/license\/free Copyright 2025 Fonticons, Inc.--><path d=\"M215.7 499.2C267 435 384 279.4 384 192C384 86 298 0 192 0S0 86 0 192c0 87.4 117 243 168.3 307.2c12.3 15.3 35.1 15.3 47.4 0zM192 128a64 64 0 1 1 0 128 64 64 0 1 1 0-128z\"\/><\/svg><\/div><\/div><\/div>\n\t<div class=\"wpb_text_column wpb_content_element\" >\n\t\t<div class=\"wpb_wrapper\">\n\t\t\t<p class=\"text-blue\">For participants of the celebrations marking the 50th anniversary of aikido in Poland, we guarantee special prices at several of Pozna\u0144's most important hotels.<\/p>\n<p class=\"text-blue\"><strong>The number of rooms in the promotional pool is limited, so we recommend making your reservation as soon as possible.<\/strong><\/p>\n<h4>Booking policy<\/h4>\n<p>Select a hotel and contact the WTC Accommodation Department to make a reservation:<\/p>\n<ul>\n<li>email:<a class=\"link-text-blue\" href=\"mailto:hotele@wtcpoznan.pl\" target=\"_blank\" rel=\"noopener\"> hotele@wtcpoznan.pl<\/a><\/li>\n<li>contact: Joanna Ro\u015b, phone<a class=\"link-text-blue\" href=\"tel:+48 609 678 321\" target=\"_blank\" rel=\"noopener\"> +48 609 678 321<\/a><\/li>\n<li>contact: Hanna Pokorska, phone<a class=\"link-text-blue\" href=\"tel:+48 691 033%C2%A0627\" target=\"_blank\" rel=\"noopener\">\u00a0+48 691 033\u00a0627<\/a><\/li>\n<\/ul>\n<p>Hotel reservation requests sent via email must include the following information:<\/p>\n<ul>\n<li>name and surname of the person staying overnight<\/li>\n<li>a chosen hotel<\/li>\n<li>a date of stay<\/li>\n<li>a room type: single or double<\/li>\n<\/ul>\n<p>THE PRICES INCLUDE BREAKFAST AND ARE PER ROOM PER NIGHT.<\/p>\n<p>After confirming the reservation at the selected hotel, the participant pays for the reservation by making a payment to the hotel's account based on a pro forma invoice or by providing a credit card guarantee, by the date indicated on the reservation confirmation. Reservations are confirmed subject to availability.<\/p>\n\n\t\t<\/div>\n\t<\/div>\n\n\t<div class=\"wpb_text_column wpb_content_element\" >\n\t\t<div class=\"wpb_wrapper\">\n\t\t\t<table>\n<thead>\n<tr>\n<th>Hotel<\/th>\n<th>Standard<\/th>\n<th>Address<\/th>\n<th>Distance to the dojo<\/th>\n<th>Single room<\/th>\n<th>Double room<\/th>\n<\/tr>\n<\/thead>\n<tbody>\n<tr>\n<td><a title=\"Otw\u00f3rz stron\u0119 CITY PARK RESIDENCE (nowa karta)\" href=\"https:\/\/www.cityparkhotel.pl\" target=\"_blank\" rel=\"noopener noreferrer\"><br \/>\nCITY PARK RESIDENCE<\/a><\/td>\n<td>5*<\/td>\n<td>ul. Wyspia\u0144skiego 26 a, 60-751 Pozna\u0144<\/td>\n<td>1 km<\/td>\n<td>1100 PLN<\/td>\n<td>1185 PLN<\/td>\n<\/tr>\n<tr>\n<td><a title=\"Otw\u00f3rz stron\u0119 HOTEL MERCURE POZNA\u0143 CENTRUM (nowa karta)\" href=\"https:\/\/www.accorhotels.com\" target=\"_blank\" rel=\"noopener noreferrer\"><br \/>\nHOTEL MERCURE POZNA\u0143 CENTRUM<\/a><br \/>\n<strong>The offer valid only until the end of 2025<\/strong><\/td>\n<td>4*<\/td>\n<td>ul. Roosevelta 20 60-829 Pozna\u0144<\/td>\n<td>400 m<\/td>\n<td>440 PLN<\/td>\n<td>490 PLN<\/td>\n<\/tr>\n<tr>\n<td><a title=\"Otw\u00f3rz stron\u0119 HOTEL NOVOTEL CENTRUM POZNA\u0143 (nowa karta)\" href=\"https:\/\/www.accorhotels.com\" target=\"_blank\" rel=\"noopener noreferrer\"><br \/>\nHOTEL NOVOTEL CENTRUM POZNA\u0143<\/a><\/td>\n<td>4*<\/td>\n<td>Pl. W\u0142. Andersa 1, 61-898 Pozna\u0144<\/td>\n<td>900 m<\/td>\n<td>450 PLN<\/td>\n<td>510 PLN<\/td>\n<\/tr>\n<tr>\n<td><a title=\"Otw\u00f3rz stron\u0119 NH POZNA\u0143 (nowa karta)\" href=\"https:\/\/www.nhpoznan.pl\" target=\"_blank\" rel=\"noopener noreferrer\"><br \/>\nNH POZNA\u0143<\/a><\/td>\n<td>4*<\/td>\n<td>ul. \u015aw. Marcin 67, 61-806 Pozna\u0144<\/td>\n<td>1 km<\/td>\n<td>409 PLN<\/td>\n<td>459 PLN<\/td>\n<\/tr>\n<tr>\n<td><a title=\"Otw\u00f3rz stron\u0119 MODERNO (nowa karta)\" href=\"https:\/\/www.hotelmoderno.pl\" target=\"_blank\" rel=\"noopener noreferrer\"><br \/>\nMODERNO<\/a><\/td>\n<td>4*<\/td>\n<td>ul. Kolejowa 29, 60-718 Pozna\u0144<\/td>\n<td>1,2 km<\/td>\n<td>460 PLN<\/td>\n<td>540 PLN<\/td>\n<\/tr>\n<tr>\n<td><a title=\"Otw\u00f3rz stron\u0119 PARK INN by RADISSON (nowa karta)\" href=\"https:\/\/www.parkinn.com\/hotel-poznan\" target=\"_blank\" rel=\"noopener noreferrer\"><br \/>\nPARK INN by RADISSON<\/a><\/td>\n<td>4*<\/td>\n<td>ul. Szyperska 22, 61-754 Pozna\u0144<\/td>\n<td>3 km<\/td>\n<td>460 PLN<\/td>\n<td>520 PLN<\/td>\n<\/tr>\n<tr>\n<td><a title=\"Otw\u00f3rz stron\u0119 Liberte (nowa karta)\" href=\"https:\/\/www.liberte33hotel.pl\" target=\"_blank\" rel=\"noopener noreferrer\"><br \/>\nLiberte<\/a><\/td>\n<td>4*<\/td>\n<td>ul. Libelta 33, Pozna\u0144<\/td>\n<td>1 km<\/td>\n<td>409 PLN<\/td>\n<td>479 PLN<\/td>\n<\/tr>\n<tr>\n<td><a title=\"Otw\u00f3rz stron\u0119 De SILVA (nowa karta)\" href=\"https:\/\/www.desilva.pl\/poznan\/\" target=\"_blank\" rel=\"noopener noreferrer\"><br \/>\nDe SILVA<\/a><\/td>\n<td>4*<\/td>\n<td>ul. Piekary 5 61-823 Pozna\u0144<\/td>\n<td>2,5 km<\/td>\n<td>550 PLN<\/td>\n<td>690 PLN<\/td>\n<\/tr>\n<tr>\n<td><a title=\"Otw\u00f3rz stron\u0119 ALTUS (nowa karta)\" href=\"https:\/\/www.hotelaltus.pl\" target=\"_blank\" rel=\"noopener noreferrer\"><br \/>\nALTUS<\/a><\/td>\n<td>3*<\/td>\n<td>ul. \u015aw. Marcin 40, 61-807 Pozna\u0144<\/td>\n<td>1,2 km<\/td>\n<td>430 PLN<\/td>\n<td>495 PLN<\/td>\n<\/tr>\n<tr>\n<td><a title=\"Otw\u00f3rz stron\u0119 Focus (nowa karta)\" href=\"https:\/\/www.focushotels.pl\" target=\"_blank\" rel=\"noopener noreferrer\"><br \/>\nFocus<\/a><\/td>\n<td>3*<\/td>\n<td>ul. Serafitek 4, 61-044 Pozna\u0144<\/td>\n<td>2,5 km<\/td>\n<td>330 PLN<\/td>\n<td>380 PLN<\/td>\n<\/tr>\n<tr>\n<td><a title=\"Otw\u00f3rz stron\u0119 Hotel BB (nowa karta)\" href=\"https:\/\/www.hotelbb.com\" target=\"_blank\" rel=\"noopener noreferrer\"><br \/>\nHotel BB<\/a><\/td>\n<td>3*<\/td>\n<td>Plac Wolno\u015bci 16, 61-739 Pozna\u0144<\/td>\n<td>1,5 km<\/td>\n<td>489 PLN<\/td>\n<td>519 PLN<\/td>\n<\/tr>\n<tr>\n<td><a title=\"Otw\u00f3rz stron\u0119 NOVOTEL MALTA (nowa karta)\" href=\"https:\/\/www.accorhotels.com\" target=\"_blank\" rel=\"noopener noreferrer\"><br \/>\nNOVOTEL MALTA<\/a><br \/>\n<strong>The offer valid only until the end of 2025<\/strong><\/td>\n<td>3*<\/td>\n<td>ul. Termalna 5, 61-028 Pozna\u0144<\/td>\n<td>4 km<\/td>\n<td>440 PLN<\/td>\n<td>490 PLN<\/td>\n<\/tr>\n<tr>\n<td><a title=\"Otw\u00f3rz stron\u0119 HOTEL PARK (nowa karta)\" href=\"https:\/\/www.hotelepark.pl\" target=\"_blank\" rel=\"noopener noreferrer\"><br \/>\nHOTEL PARK<\/a><\/td>\n<td>3*<\/td>\n<td>ul. abpa A. Baraniaka 77, 61-131 Pozna\u0144<\/td>\n<td>3 km<\/td>\n<td>500 PLN<\/td>\n<td>570 PLN<\/td>\n<\/tr>\n<tr>\n<td><a title=\"Otw\u00f3rz stron\u0119 LECHICKA HOTEL (nowa karta)\" href=\"https:\/\/www.hotel-lechicka.pl\" target=\"_blank\" rel=\"noopener noreferrer\"><br \/>\nLECHICKA HOTEL<\/a><\/td>\n<td>3*<\/td>\n<td>ul. Lechicka 101, 61-619 Pozna\u0144<\/td>\n<td>7 km<\/td>\n<td>289 PLN<\/td>\n<td>389 PLN<\/td>\n<\/tr>\n<tr>\n<td><a title=\"Otw\u00f3rz stron\u0119 HOTEL GAJA (nowa karta)\" href=\"https:\/\/www.gaja-hotel.pl\" target=\"_blank\" rel=\"noopener noreferrer\"><br \/>\nHOTEL GAJA<\/a><\/td>\n<td>3*<\/td>\n<td>ul. Gajowa 12, 61-663 Pozna\u0144<\/td>\n<td>100 m<\/td>\n<td>250 PLN<\/td>\n<td>300 PLN<\/td>\n<\/tr>\n<tr>\n<td><a title=\"Otw\u00f3rz stron\u0119 IBIS POZNA\u0143 STARE MIASTO (nowa karta)\" href=\"https:\/\/www.accorhotels.com\" target=\"_blank\" rel=\"noopener noreferrer\"><br \/>\nIBIS POZNA\u0143 STARE MIASTO<\/a><\/td>\n<td>2*<\/td>\n<td>ul. Kazimierza Wielkiego 23, 61-863 Pozna\u0144<\/td>\n<td>2 km<\/td>\n<td>299 PLN<\/td>\n<td>349 PLN<\/td>\n<\/tr>\n<tr>\n<td><a title=\"Otw\u00f3rz stron\u0119 IBIS Suchy Las (nowa karta)\" href=\"https:\/\/www.accorhotels.com\" target=\"_blank\" rel=\"noopener noreferrer\"><br \/>\nIBIS SUCHY LAS<\/a><\/td>\n<td>2*<\/td>\n<td>ul. Konwaliowa 3, 62-002 Pozna\u0144<\/td>\n<td>10 km<\/td>\n<td>350 PLN<\/td>\n<td>400 PLN<\/td>\n<\/tr>\n<\/tbody>\n<\/table>\n\n\t\t<\/div>\n\t<\/div>\n<\/div><\/div><\/div><\/div>\n<\/div>","protected":false},"excerpt":{"rendered":"Lokalizacja Mi\u0119dzynarodowe Targi Pozna\u0144skie \u2013 serce wydarze\u0144 Mi\u0119dzynarodowe Targi Pozna\u0144skie to najwi\u0119ksze i najnowocze\u015bniejsze centrum targowo-konferencyjne w Polsce, zlokalizowane w samym centrum Poznania. Od lat goszcz\u0105 presti\u017cowe wydarzenia o zasi\u0119gu krajowym i mi\u0119dzynarodowym \u2013 od kongres\u00f3w i targ\u00f3w bran\u017cowych, po...","protected":false},"author":2,"featured_media":0,"parent":0,"menu_order":0,"comment_status":"closed","ping_status":"closed","template":"","meta":{"footnotes":""},"class_list":["post-4490","page","type-page","status-publish","hentry"],"_links":{"self":[{"href":"https:\/\/aikido50.pl\/en\/wp-json\/wp\/v2\/pages\/4490","targetHints":{"allow":["GET"]}}],"collection":[{"href":"https:\/\/aikido50.pl\/en\/wp-json\/wp\/v2\/pages"}],"about":[{"href":"https:\/\/aikido50.pl\/en\/wp-json\/wp\/v2\/types\/page"}],"author":[{"embeddable":true,"href":"https:\/\/aikido50.pl\/en\/wp-json\/wp\/v2\/users\/2"}],"replies":[{"embeddable":true,"href":"https:\/\/aikido50.pl\/en\/wp-json\/wp\/v2\/comments?post=4490"}],"version-history":[{"count":10,"href":"https:\/\/aikido50.pl\/en\/wp-json\/wp\/v2\/pages\/4490\/revisions"}],"predecessor-version":[{"id":4580,"href":"https:\/\/aikido50.pl\/en\/wp-json\/wp\/v2\/pages\/4490\/revisions\/4580"}],"wp:attachment":[{"href":"https:\/\/aikido50.pl\/en\/wp-json\/wp\/v2\/media?parent=4490"}],"curies":[{"name":"wp","href":"https:\/\/api.w.org\/{rel}","templated":true}]}}