{"id":4354,"date":"2025-08-14T18:28:40","date_gmt":"2025-08-14T16:28:40","guid":{"rendered":"https:\/\/aikido50.pl\/?page_id=4354"},"modified":"2025-08-14T18:31:07","modified_gmt":"2025-08-14T16:31:07","slug":"strona-glowna","status":"publish","type":"page","link":"https:\/\/aikido50.pl\/en\/strona-glowna\/","title":{"rendered":"Homepage"},"content":{"rendered":"<div class=\"wpb-content-wrapper\"><div data-vc-full-width=\"true\" data-vc-full-width-init=\"false\" data-vc-stretch-content=\"true\" class=\"vc_row wpb_row vc_row-fluid vc_custom_1747650289776 vc_row-has-fill gt-background-position-initial gt-background-attachment-initial gt-overflow-visible gt-text-default vc_row-no-padding vc_row-o-content-top vc_row-flex\"><div class=\"wpb_column vc_column_container vc_col-sm-12 vc_col-has-fill gt-background-position-initial gt-background-attachment-initial gt-text-default\"><div class=\"vc_column-inner vc_custom_1747518472449\"><div class=\"wpb_wrapper\">\n\t<div  class=\"wpb_single_image wpb_content_element vc_align_center wpb_content_element\">\n\t\t\n\t\t<figure class=\"wpb_wrapper vc_figure\">\n\t\t\t<div class=\"vc_single_image-wrapper   vc_box_border_grey\"><img loading=\"lazy\" decoding=\"async\" width=\"1721\" height=\"655\" src=\"https:\/\/aikido50.pl\/wp-content\/uploads\/2025\/08\/DOJO-CHO-3.png\" class=\"vc_single_image-img attachment-full\" alt=\"\" title=\"\" srcset=\"https:\/\/aikido50.pl\/wp-content\/uploads\/2025\/08\/DOJO-CHO-3.png 1721w, https:\/\/aikido50.pl\/wp-content\/uploads\/2025\/08\/DOJO-CHO-3-300x114.png 300w, https:\/\/aikido50.pl\/wp-content\/uploads\/2025\/08\/DOJO-CHO-3-1024x390.png 1024w, https:\/\/aikido50.pl\/wp-content\/uploads\/2025\/08\/DOJO-CHO-3-768x292.png 768w, https:\/\/aikido50.pl\/wp-content\/uploads\/2025\/08\/DOJO-CHO-3-1536x585.png 1536w, https:\/\/aikido50.pl\/wp-content\/uploads\/2025\/08\/DOJO-CHO-3-18x7.png 18w, https:\/\/aikido50.pl\/wp-content\/uploads\/2025\/08\/DOJO-CHO-3-600x228.png 600w\" sizes=\"auto, (max-width: 1721px) 100vw, 1721px\" \/><\/div>\n\t\t<\/figure>\n\t<\/div>\n<\/div><\/div><\/div><\/div><div class=\"vc_row-full-width vc_clearfix\"><\/div><div id=\"seminarium\" data-vc-full-width=\"true\" data-vc-full-width-init=\"false\" class=\"vc_row wpb_row vc_row-fluid vc_custom_1747519012036 vc_row-has-fill gt-background-position-initial gt-background-attachment-initial gt-overflow-hidden gt-text-default\"><div class=\"wpb_column vc_column_container vc_col-sm-12\"><div class=\"vc_column-inner\"><div class=\"wpb_wrapper\"><div class=\"gt-heading gt-dark gt-size1 gt-align-center\"><div class=\"gt-title\"><span>Seminar<\/span><\/div><div class=\"gt-separate\"><div class=\"gt-icon\"><svg xmlns=\"http:\/\/www.w3.org\/2000\/svg\" viewbox=\"0 0 24 24\" fill=\"none\" stroke=\"currentColor\" stroke-width=\"2\" stroke-linecap=\"round\" stroke-linejoin=\"round\"><line x1=\"16.5\" y1=\"9.4\" x2=\"7.5\" y2=\"4.21\"><\/line><path d=\"M21 16V8a2 2 0 0 0-1-1.73l-7-4a2 2 0 0 0-2 0l-7 4A2 2 0 0 0 3 8v8a2 2 0 0 0 1 1.73l7 4a2 2 0 0 0 2 0l7-4A2 2 0 0 0 21 16z\"><\/path><polyline points=\"3.27 6.96 12 12.01 20.73 6.96\"><\/polyline><line x1=\"12\" y1=\"22.08\" x2=\"12\" y2=\"12\"><\/line><\/svg><\/div><\/div><\/div><div class=\"vc_empty_space\"   style=\"height: 30px\"><span class=\"vc_empty_space_inner\"><\/span><\/div>\n\t<div class=\"wpb_text_column wpb_content_element vc_custom_1747507676183\" >\n\t\t<div class=\"wpb_wrapper\">\n\t\t\t<p style=\"text-align: center; margin: 0px; font-size: 20px;\">A unique event for all aikido practitioners in Poland and abroad<\/p>\n\n\t\t<\/div>\n\t<\/div>\n<div class=\"vc_empty_space\"   style=\"height: 45px\"><span class=\"vc_empty_space_inner\"><\/span><\/div><div class=\"vc_row wpb_row vc_inner vc_row-fluid\"><div class=\"wpb_column vc_column_container vc_col-sm-6\"><div class=\"vc_column-inner\"><div class=\"wpb_wrapper\">\n\t<div class=\"wpb_text_column wpb_content_element\" >\n\t\t<div class=\"wpb_wrapper\">\n\t\t\t<p style=\"font-size: 16px;\">It is with great joy that we invite all aikido enthusiasts, practitioners, and supporters of this noble martial art to a unique celebration of the 50th anniversary of aikido in Poland! This extraordinary event will take place in the welcoming city of Pozna\u0144 on June 13-14, 2026. It will be the culmination of half a century of development and aikido passion in our country.<\/p>\n<p style=\"font-size: 16px;\"><strong>It is here, in the heart of Greater Poland, that we will have the honour of hosting the exceptional master, Mitsuteru Ueshiba Dojo-Cho, who will lead the grand aikido seminar as part of the anniversary celebrations.<\/strong> His presence will be a remarkable honour for all of us and a wonderful opportunity to deepen our practice under the guidance of such a distinguished figure in the world of aikido<\/p>\n\n\t\t<\/div>\n\t<\/div>\n<\/div><\/div><\/div><div class=\"wpb_column vc_column_container vc_col-sm-6\"><div class=\"vc_column-inner\"><div class=\"wpb_wrapper\">\n\t<div class=\"wpb_text_column wpb_content_element\" >\n\t\t<div class=\"wpb_wrapper\">\n\t\t\t<p style=\"font-size: 16px;\">This will be an excellent opportunity to meet other enthusiasts, exchange experiences, participate in inspiring training sessions led by Mitsuteru Ueshiba Dojo-Cho, and establish new relationships within the aikido community. <b> It will be an opportunity to honour the rich history and dynamic development of this martial art in Poland.<\/b><\/p>\n<p style=\"font-size: 16px;\">Don\u2019t miss this historic moment! Join us in Pozna\u0144 to celebrate 50 years of aikido in Poland with distinguished guests from Poland and other countries. Be part of this unique celebration of the spirit, tradition, and community of aikido.\n\nWe are looking forward to seeing you!<\/p>\n\n\t\t<\/div>\n\t<\/div>\n<\/div><\/div><\/div><\/div><div class=\"vc_empty_space\"   style=\"height: 115px\"><span class=\"vc_empty_space_inner\"><\/span><\/div><\/div><\/div><\/div><\/div><div class=\"vc_row-full-width vc_clearfix\"><\/div><div id=\"Dojo-Cho\" data-vc-full-width=\"true\" data-vc-full-width-init=\"false\" class=\"vc_row wpb_row vc_row-fluid vc_custom_1747517392676 vc_row-has-fill gt-background-position-top-center gt-background-attachment-fixed gt-overflow-visible gt-text-default\"><div class=\"wpb_column vc_column_container vc_col-sm-12\"><div class=\"vc_column-inner\"><div class=\"wpb_wrapper\"><div class=\"vc_empty_space\"   style=\"height: 30px\"><span class=\"vc_empty_space_inner\"><\/span><\/div><div class=\"gt-heading gt-white gt-size1 gt-align-center\"><div class=\"gt-title\">Dojo-Cho<\/div><div class=\"gt-separate\"><div class=\"gt-icon\"><svg xmlns=\"http:\/\/www.w3.org\/2000\/svg\" viewbox=\"0 0 24 24\" fill=\"none\" stroke=\"currentColor\" stroke-width=\"2\" stroke-linecap=\"round\" stroke-linejoin=\"round\"><path d=\"M17 21v-2a4 4 0 0 0-4-4H5a4 4 0 0 0-4 4v2\"><\/path><circle cx=\"9\" cy=\"7\" r=\"4\"><\/circle><path d=\"M23 21v-2a4 4 0 0 0-3-3.87\"><\/path><path d=\"M16 3.13a4 4 0 0 1 0 7.75\"><\/path><\/svg><\/div><\/div><\/div><div class=\"vc_empty_space\"   style=\"height: 30px\"><span class=\"vc_empty_space_inner\"><\/span><\/div>\n\t<div class=\"wpb_text_column wpb_content_element homepage-text\" >\n\t\t<div class=\"wpb_wrapper\">\n\t\t\t<p>Mitsuteru Ueshiba (Japanese: \u690d\u829d \u5145\u592e), born in 1981, is the great-grandson of O\u2019Sensei Morihei Ueshiba, the founder of aikido, and the son of the current D\u014dshu, Moriteru Ueshiba. As a fourth-generation Ueshiba, Mitsuteru continues the family tradition of inheriting the role of technical and cultural leader of aikido.<\/p>\n<p>Since April 2012, he has served as D\u014dj\u014dch\u014d (technical director) of the Aikikai\u2019s main dojo, Hombu D\u014dj\u014d, in Tokyo. Mitsuteru Ueshiba conducts regular training there, participates in international aikido events, and represents the Aikikai worldwide. His teaching style reflects a respect for the classical form, purity of technique, and cultural values of aikido. His presence and commitment serve as a bridge between the history and future of the art of aikido.<\/p>\n<p>Thanks to him, the idea of aikido \u2013 the art of harmony and peace \u2013 remains alive and dynamic, inspiring successive generations of practitioners around the world.<\/p>\n\n\t\t<\/div>\n\t<\/div>\n<div class=\"vc_empty_space\"   style=\"height: 80px\"><span class=\"vc_empty_space_inner\"><\/span><\/div><\/div><\/div><\/div><\/div><div class=\"vc_row-full-width vc_clearfix\"><\/div><div id=\"organizatorzy\" class=\"vc_row wpb_row vc_row-fluid gt-background-position-initial gt-background-attachment-initial gt-overflow-visible gt-text-center\"><div class=\"wpb_column vc_column_container vc_col-sm-12\"><div class=\"vc_column-inner\"><div class=\"wpb_wrapper\"><div class=\"vc_empty_space\"   style=\"height: 75px\"><span class=\"vc_empty_space_inner\"><\/span><\/div><div class=\"gt-heading gt-dark gt-size1 gt-align-center\"><div class=\"gt-title\"><span>Organizers<\/span><\/div><div class=\"gt-separate\"><i class=\"fa-solid fa-people-arrows\"><\/i><\/div><\/div><div class=\"vc_empty_space\"   style=\"height: 30px\"><span class=\"vc_empty_space_inner\"><\/span><\/div><div class=\"gt-image-gallery\"><div class=\"gt-columns gt-column-6 gt-column-space-0\"><div class=\"gt-col\"><div class=\"gt-inner\"><div class=\"gt-photo\"><a data-fancybox=\"gallery-8219\" href=\"https:\/\/aikido50.pl\/wp-content\/uploads\/2025\/05\/Projekt-bez-nazwy-1.png\" data-srcset=\"https:\/\/aikido50.pl\/wp-content\/uploads\/2025\/05\/Projekt-bez-nazwy-1.png 400w, https:\/\/aikido50.pl\/wp-content\/uploads\/2025\/05\/Projekt-bez-nazwy-1-300x150.png 300w\" data-caption=\"\"><\/a><img loading=\"lazy\" decoding=\"async\" width=\"350\" height=\"200\" src=\"https:\/\/aikido50.pl\/wp-content\/uploads\/2025\/05\/Projekt-bez-nazwy-1-350x200.png\" class=\"attachment-eventchamp-thumbnail size-eventchamp-thumbnail\" alt=\"\" \/><\/div><\/div><\/div><div class=\"gt-col\"><div class=\"gt-inner\"><div class=\"gt-photo\"><a data-fancybox=\"gallery-8219\" href=\"https:\/\/aikido50.pl\/wp-content\/uploads\/2025\/05\/Projekt-bez-nazwy-2.png\" data-srcset=\"https:\/\/aikido50.pl\/wp-content\/uploads\/2025\/05\/Projekt-bez-nazwy-2.png 400w, https:\/\/aikido50.pl\/wp-content\/uploads\/2025\/05\/Projekt-bez-nazwy-2-300x150.png 300w\" data-caption=\"\"><\/a><img loading=\"lazy\" decoding=\"async\" width=\"350\" height=\"200\" src=\"https:\/\/aikido50.pl\/wp-content\/uploads\/2025\/05\/Projekt-bez-nazwy-2-350x200.png\" class=\"attachment-eventchamp-thumbnail size-eventchamp-thumbnail\" alt=\"\" \/><\/div><\/div><\/div><div class=\"gt-col\"><div class=\"gt-inner\"><div class=\"gt-photo\"><a data-fancybox=\"gallery-8219\" href=\"https:\/\/aikido50.pl\/wp-content\/uploads\/2025\/05\/Projekt-bez-nazwy-3.png\" data-srcset=\"https:\/\/aikido50.pl\/wp-content\/uploads\/2025\/05\/Projekt-bez-nazwy-3.png 400w, https:\/\/aikido50.pl\/wp-content\/uploads\/2025\/05\/Projekt-bez-nazwy-3-300x150.png 300w\" data-caption=\"\"><\/a><img loading=\"lazy\" decoding=\"async\" width=\"350\" height=\"200\" src=\"https:\/\/aikido50.pl\/wp-content\/uploads\/2025\/05\/Projekt-bez-nazwy-3-350x200.png\" class=\"attachment-eventchamp-thumbnail size-eventchamp-thumbnail\" alt=\"\" \/><\/div><\/div><\/div><div class=\"gt-col\"><div class=\"gt-inner\"><div class=\"gt-photo\"><a data-fancybox=\"gallery-8219\" href=\"https:\/\/aikido50.pl\/wp-content\/uploads\/2025\/05\/Projekt-bez-nazwy-4.png\" data-srcset=\"https:\/\/aikido50.pl\/wp-content\/uploads\/2025\/05\/Projekt-bez-nazwy-4.png 400w, https:\/\/aikido50.pl\/wp-content\/uploads\/2025\/05\/Projekt-bez-nazwy-4-300x150.png 300w\" data-caption=\"\"><\/a><img loading=\"lazy\" decoding=\"async\" width=\"350\" height=\"200\" src=\"https:\/\/aikido50.pl\/wp-content\/uploads\/2025\/05\/Projekt-bez-nazwy-4-350x200.png\" class=\"attachment-eventchamp-thumbnail size-eventchamp-thumbnail\" alt=\"\" \/><\/div><\/div><\/div><div class=\"gt-col\"><div class=\"gt-inner\"><div class=\"gt-photo\"><a data-fancybox=\"gallery-8219\" href=\"https:\/\/aikido50.pl\/wp-content\/uploads\/2025\/05\/Projekt-bez-nazwy-5.png\" data-srcset=\"https:\/\/aikido50.pl\/wp-content\/uploads\/2025\/05\/Projekt-bez-nazwy-5.png 400w, https:\/\/aikido50.pl\/wp-content\/uploads\/2025\/05\/Projekt-bez-nazwy-5-300x150.png 300w\" data-caption=\"\"><\/a><img loading=\"lazy\" decoding=\"async\" width=\"350\" height=\"200\" src=\"https:\/\/aikido50.pl\/wp-content\/uploads\/2025\/05\/Projekt-bez-nazwy-5-350x200.png\" class=\"attachment-eventchamp-thumbnail size-eventchamp-thumbnail\" alt=\"\" \/><\/div><\/div><\/div><div class=\"gt-col\"><div class=\"gt-inner\"><div class=\"gt-photo\"><a data-fancybox=\"gallery-8219\" href=\"https:\/\/aikido50.pl\/wp-content\/uploads\/2025\/05\/Projekt-bez-nazwy-6.png\" data-srcset=\"https:\/\/aikido50.pl\/wp-content\/uploads\/2025\/05\/Projekt-bez-nazwy-6.png 400w, https:\/\/aikido50.pl\/wp-content\/uploads\/2025\/05\/Projekt-bez-nazwy-6-300x150.png 300w\" data-caption=\"\"><\/a><img loading=\"lazy\" decoding=\"async\" width=\"350\" height=\"200\" src=\"https:\/\/aikido50.pl\/wp-content\/uploads\/2025\/05\/Projekt-bez-nazwy-6-350x200.png\" class=\"attachment-eventchamp-thumbnail size-eventchamp-thumbnail\" alt=\"\" \/><\/div><\/div><\/div><\/div><\/div><div class=\"vc_empty_space\"   style=\"height: 75px\"><span class=\"vc_empty_space_inner\"><\/span><\/div><div class=\"vc_btn3-container vc_btn3-inline vc_do_btn\" ><a class=\"vc_general vc_btn3 vc_btn3-size-md vc_btn3-shape-rounded vc_btn3-style-classic vc_btn3-color-juicy-pink\" href=\"https:\/\/aikido50.pl\/en\/organizacje-aikido\/\" title=\"\">More info about organizers<\/a><\/div><\/div><\/div><\/div><\/div><div id=\"lokalizacja\" data-vc-full-width=\"true\" data-vc-full-width-init=\"false\" class=\"vc_row wpb_row vc_row-fluid vc_custom_1747514316359 vc_row-has-fill gt-background-position-center-center gt-background-attachment-fixed gt-overflow-hidden gt-text-center\"><div class=\"wpb_column vc_column_container vc_col-sm-12\"><div class=\"vc_column-inner\"><div class=\"wpb_wrapper\"><div class=\"vc_empty_space\"   style=\"height: 75px\"><span class=\"vc_empty_space_inner\"><\/span><\/div><div class=\"gt-heading gt-white gt-size1 gt-align-center\"><div class=\"gt-title\">Location<\/div><div class=\"gt-separate\"><div class=\"gt-icon\"><svg xmlns=\"http:\/\/www.w3.org\/2000\/svg\" viewbox=\"0 0 24 24\" fill=\"none\" stroke=\"currentColor\" stroke-width=\"2\" stroke-linecap=\"round\" stroke-linejoin=\"round\"><path d=\"M21 10c0 7-9 13-9 13s-9-6-9-13a9 9 0 0 1 18 0z\"><\/path><circle cx=\"12\" cy=\"10\" r=\"3\"><\/circle><\/svg><\/div><\/div><\/div>\n\t<div class=\"wpb_text_column wpb_content_element\" >\n\t\t<div class=\"wpb_wrapper\">\n\t\t\t<h2 style=\"color: white;\">Pozna\u0144 International Fair<\/h2>\n<h2 style=\"color: white;\">G\u0142ogowska 14th Street, Pozna\u0144, Poland<\/h2>\n\n\t\t<\/div>\n\t<\/div>\n<div class=\"vc_btn3-container vc_btn3-inline vc_do_btn\" ><a class=\"vc_general vc_btn3 vc_btn3-size-md vc_btn3-shape-rounded vc_btn3-style-classic vc_btn3-color-juicy-pink\" href=\"https:\/\/aikido50.pl\/en\/lokalizacja\/\" title=\"\">See more info about the venue<\/a><\/div><div class=\"vc_empty_space\"   style=\"height: 120px\"><span class=\"vc_empty_space_inner\"><\/span><\/div><\/div><\/div><\/div><\/div><div class=\"vc_row-full-width vc_clearfix\"><\/div><div data-vc-full-width=\"true\" data-vc-full-width-init=\"false\" class=\"vc_row wpb_row vc_row-fluid gt-background-position-initial gt-background-attachment-initial gt-overflow-hidden gt-text-default\"><div class=\"wpb_column vc_column_container vc_col-sm-12\"><div class=\"vc_column-inner\"><div class=\"wpb_wrapper\"><div class=\"vc_empty_space\"   style=\"height: 75px\"><span class=\"vc_empty_space_inner\"><\/span><\/div><div class=\"gt-heading gt-dark gt-size1 gt-align-center\"><div class=\"gt-title\">Video <span>40-th anniversary of Aikido in Poland (2016)<\/span><\/div><div class=\"gt-separate\"><div class=\"gt-icon\"><svg xmlns=\"http:\/\/www.w3.org\/2000\/svg\" viewbox=\"0 0 24 24\" fill=\"none\" stroke=\"currentColor\" stroke-width=\"2\" stroke-linecap=\"round\" stroke-linejoin=\"round\"><rect x=\"3\" y=\"3\" width=\"18\" height=\"18\" rx=\"2\" ry=\"2\"><\/rect><circle cx=\"8.5\" cy=\"8.5\" r=\"1.5\"><\/circle><polyline points=\"21 15 16 10 5 21\"><\/polyline><\/svg><\/div><\/div><\/div><div class=\"vc_empty_space\"   style=\"height: 50px\"><span class=\"vc_empty_space_inner\"><\/span><\/div>\n\t<div class=\"wpb_video_widget wpb_content_element vc_clearfix   vc_video-aspect-ratio-169 vc_video-el-width-100 vc_video-align-left\" >\n\t\t<div class=\"wpb_wrapper\">\n\t\t\t\n\t\t\t<div class=\"wpb_video_wrapper\"><iframe loading=\"lazy\" title=\"40 Lat Aikido w Polsce - Warszawa 10-11 grudnia 2016\" width=\"500\" height=\"281\" src=\"https:\/\/www.youtube.com\/embed\/2ch3cDAdGUY?feature=oembed\" frameborder=\"0\" allow=\"accelerometer; autoplay; clipboard-write; encrypted-media; gyroscope; picture-in-picture; web-share\" referrerpolicy=\"strict-origin-when-cross-origin\" allowfullscreen><\/iframe><\/div>\n\t\t<\/div>\n\t<\/div>\n<\/div><\/div><\/div><\/div><div class=\"vc_row-full-width vc_clearfix\"><\/div><div id=\"kontakt\" data-vc-full-width=\"true\" data-vc-full-width-init=\"false\" class=\"vc_row wpb_row vc_row-fluid vc_custom_1747855553964 vc_row-has-fill gt-background-position-initial gt-background-attachment-initial gt-overflow-hidden gt-text-default\"><div class=\"wpb_column vc_column_container vc_col-sm-12 vc_col-lg-2 vc_col-md-2 vc_hidden-sm vc_col-xs-12 vc_hidden-xs\"><div class=\"vc_column-inner\"><div class=\"wpb_wrapper\"><\/div><\/div><\/div><div class=\"wpb_column vc_column_container vc_col-sm-12 vc_col-lg-8 vc_col-md-8 vc_col-xs-12\"><div class=\"vc_column-inner\"><div class=\"wpb_wrapper\"><div class=\"vc_empty_space\"   style=\"height: 75px\"><span class=\"vc_empty_space_inner\"><\/span><\/div><div class=\"gt-heading gt-dark gt-size1 gt-align-center\"><div class=\"gt-title\"><span>Contact<\/span><\/div><div class=\"gt-separate\"><div class=\"gt-icon\"><svg xmlns=\"http:\/\/www.w3.org\/2000\/svg\" viewbox=\"0 0 24 24\" fill=\"none\" stroke=\"currentColor\" stroke-width=\"2\" stroke-linecap=\"round\" stroke-linejoin=\"round\"><line x1=\"22\" y1=\"2\" x2=\"11\" y2=\"13\"><\/line><polygon points=\"22 2 15 22 11 13 2 9 22 2\"><\/polygon><\/svg><\/div><\/div><\/div><div class=\"vc_empty_space\"   style=\"height: 32px\"><span class=\"vc_empty_space_inner\"><\/span><\/div>\n\t<div class=\"wpb_text_column wpb_content_element\" >\n\t\t<div class=\"wpb_wrapper\">\n\t\t\t<p style=\"text-align: center; font-size: 16px;\">Do you have any questions about the seminar?<\/p>\n<p style=\"text-align: center; font-size: 16px;\" class=\"translation-block\">Send us an email: <a style=\"text-decoration: underline\" href=\"mailto:info@aikido50.pl\">info@aikido50.pl<\/a><\/p>\n<p style=\"text-align: center; font-size: 16px;\" class=\"translation-block\">Check out what\u2019s new <a style=\"text-decoration: underline\" href=\"https:\/\/www.facebook.com\/aikido50pl\" target=\"_blank\" rel=\"noopener\">on our Facebook page<\/a><\/p>\n\n\t\t<\/div>\n\t<\/div>\n<div class=\"vc_empty_space\"   style=\"height: 75px\"><span class=\"vc_empty_space_inner\"><\/span><\/div><\/div><\/div><\/div><div class=\"wpb_column vc_column_container vc_col-sm-12 vc_col-lg-2 vc_col-md-2 vc_hidden-sm vc_col-xs-12 vc_hidden-xs\"><div class=\"vc_column-inner\"><div class=\"wpb_wrapper\"><\/div><\/div><\/div><\/div><div class=\"vc_row-full-width vc_clearfix\"><\/div><div data-vc-full-width=\"true\" data-vc-full-width-init=\"false\" data-vc-stretch-content=\"true\" class=\"vc_row wpb_row vc_row-fluid vc_custom_1747556314748 vc_row-has-fill gt-background-position-initial gt-background-attachment-initial gt-overflow-hidden gt-text-right vc_row-no-padding\"><div class=\"wpb_column vc_column_container vc_col-sm-12\"><div class=\"vc_column-inner\"><div class=\"wpb_wrapper\">\n\t<div class=\"wpb_text_column wpb_content_element vc_custom_1753367971470 homepage-text-small\" >\n\t\t<div class=\"wpb_wrapper\">\n\t\t\t<div style=\"display: flex; justify-content: center; align-items: center; color: white; width: 100%; max-width: 1000px; margin: 0 auto;\">\n<div style=\"flex: 1;\"><\/div>\n<div style=\"flex: none; text-align: center;\"><a style=\"color: white;\" href=\"https:\/\/aikido50.pl\/en\/polityka-prywatnosci\/\" target=\"_blank\" rel=\"noopener\">Privacy Policy<\/a> | <a style=\"color: white;\" href=\"https:\/\/aikido50.pl\/en\/regulamin-sklepu\/\" target=\"_blank\" rel=\"noopener\">Terms and conditions of sale<\/a><\/div>\n<div style=\"flex: 1; text-align: right;\">Developed by <a style=\"color: white;\" href=\"https:\/\/www.tael.pl\" target=\"_blank\" rel=\"noopener\">Tael.pl<\/a><\/div>\n<\/div>\n\n\t\t<\/div>\n\t<\/div>\n<\/div><\/div><\/div><\/div><div class=\"vc_row-full-width vc_clearfix\"><\/div>\n<\/div>","protected":false},"excerpt":{"rendered":"Seminarium Wyj\u0105tkowe wydarzenie dla wszystkich \u0107wicz\u0105cych aikido w Polsce i zagranic\u0105 Z ogromn\u0105 rado\u015bci\u0105 pragniemy zaprosi\u0107 wszystkich mi\u0142o\u015bnik\u00f3w aikido, praktykuj\u0105cych i sympatyk\u00f3w tej szlachetnej sztuki walki, na wyj\u0105tkowe obchody 50-lecia Aikido w Polsce! To niezwyk\u0142e wydarzenie odb\u0119dzie si\u0119 w go\u015bcinnym...","protected":false},"author":2,"featured_media":0,"parent":0,"menu_order":0,"comment_status":"closed","ping_status":"closed","template":"","meta":{"footnotes":""},"class_list":["post-4354","page","type-page","status-publish","hentry"],"_links":{"self":[{"href":"https:\/\/aikido50.pl\/en\/wp-json\/wp\/v2\/pages\/4354","targetHints":{"allow":["GET"]}}],"collection":[{"href":"https:\/\/aikido50.pl\/en\/wp-json\/wp\/v2\/pages"}],"about":[{"href":"https:\/\/aikido50.pl\/en\/wp-json\/wp\/v2\/types\/page"}],"author":[{"embeddable":true,"href":"https:\/\/aikido50.pl\/en\/wp-json\/wp\/v2\/users\/2"}],"replies":[{"embeddable":true,"href":"https:\/\/aikido50.pl\/en\/wp-json\/wp\/v2\/comments?post=4354"}],"version-history":[{"count":1,"href":"https:\/\/aikido50.pl\/en\/wp-json\/wp\/v2\/pages\/4354\/revisions"}],"predecessor-version":[{"id":4356,"href":"https:\/\/aikido50.pl\/en\/wp-json\/wp\/v2\/pages\/4354\/revisions\/4356"}],"wp:attachment":[{"href":"https:\/\/aikido50.pl\/en\/wp-json\/wp\/v2\/media?parent=4354"}],"curies":[{"name":"wp","href":"https:\/\/api.w.org\/{rel}","templated":true}]}}