{"id":4214,"date":"2025-06-11T18:21:33","date_gmt":"2025-06-11T16:21:33","guid":{"rendered":"https:\/\/aikido50.pl\/?page_id=4214"},"modified":"2025-10-18T11:29:53","modified_gmt":"2025-10-18T09:29:53","slug":"hotele","status":"publish","type":"page","link":"https:\/\/aikido50.pl\/en\/hotele\/","title":{"rendered":"Location"},"content":{"rendered":"<div class=\"wpb-content-wrapper\"><div data-vc-full-width=\"true\" data-vc-full-width-init=\"false\" data-vc-stretch-content=\"true\" class=\"vc_row wpb_row vc_row-fluid gt-background-position-initial gt-background-attachment-initial gt-overflow-hidden gt-text-default vc_row-no-padding\"><div class=\"wpb_column vc_column_container vc_col-sm-12\"><div class=\"vc_column-inner\"><div class=\"wpb_wrapper\"><div class=\"vc_empty_space  vc_custom_1749661234676\"   style=\"height: 300px\"><span class=\"vc_empty_space_inner\"><\/span><\/div><\/div><\/div><\/div><\/div><div class=\"vc_row-full-width vc_clearfix\"><\/div><div class=\"vc_row wpb_row vc_row-fluid gt-background-position-initial gt-background-attachment-initial gt-overflow-hidden gt-text-default\"><div class=\"wpb_column vc_column_container vc_col-sm-12 vc_col-lg-1 vc_col-md-1 vc_col-xs-12\"><div class=\"vc_column-inner\"><div class=\"wpb_wrapper\"><\/div><\/div><\/div><div class=\"wpb_column vc_column_container vc_col-sm-12 vc_col-lg-10 vc_col-md-10 vc_col-xs-12\"><div class=\"vc_column-inner\"><div class=\"wpb_wrapper\"><div class=\"vc_empty_space\"   style=\"height: 75px\"><span class=\"vc_empty_space_inner\"><\/span><\/div><div class=\"gt-heading gt-dark gt-size1 gt-align-center\"><div class=\"gt-title\"><span>Hotels<\/span><\/div><div class=\"gt-separate\"><div class=\"gt-icon\"><svg xmlns=\"http:\/\/www.w3.org\/2000\/svg\" viewbox=\"0 0 384 512\"><!--!Font Awesome Free 6.7.2 by @fontawesome - https:\/\/fontawesome.com License - https:\/\/fontawesome.com\/license\/free Copyright 2025 Fonticons, Inc.--><path d=\"M215.7 499.2C267 435 384 279.4 384 192C384 86 298 0 192 0S0 86 0 192c0 87.4 117 243 168.3 307.2c12.3 15.3 35.1 15.3 47.4 0zM192 128a64 64 0 1 1 0 128 64 64 0 1 1 0-128z\"\/><\/svg><\/div><\/div><\/div><div class=\"vc_empty_space\"   style=\"height: 35px\"><span class=\"vc_empty_space_inner\"><\/span><\/div><\/div><\/div><\/div><div class=\"wpb_column vc_column_container vc_col-sm-12 vc_col-lg-1 vc_col-md-1 vc_col-xs-12\"><div class=\"vc_column-inner\"><div class=\"wpb_wrapper\"><\/div><\/div><\/div><\/div><div class=\"vc_row wpb_row vc_row-fluid gt-background-position-initial gt-background-attachment-initial gt-overflow-hidden gt-text-default\"><div class=\"wpb_column vc_column_container vc_col-sm-12\"><div class=\"vc_column-inner\"><div class=\"wpb_wrapper\">\n\t<div class=\"wpb_text_column wpb_content_element\" >\n\t\t<div class=\"wpb_wrapper\">\n\t\t\t<p class=\"text-blue\">For participants of the celebrations marking the 50th anniversary of aikido in Poland, we guarantee special prices at several of Pozna\u0144's most important hotels.<\/p>\n<p class=\"text-blue\"><strong>The number of rooms in the promotional pool is limited, so we recommend making your reservation as soon as possible.<\/strong><\/p>\n<h4>Booking policy<\/h4>\n<p>Select a hotel and contact the WTC Accommodation Department to make a reservation:<\/p>\n<ul>\n<li>email:<a class=\"link-text-blue\" href=\"mailto:hotele@wtcpoznan.pl\" target=\"_blank\" rel=\"noopener\"> hotele@wtcpoznan.pl<\/a><\/li>\n<li>contact: Joanna Ro\u015b, phone<a class=\"link-text-blue\" href=\"tel:+48 609 678 321\" target=\"_blank\" rel=\"noopener\"> +48 609 678 321<\/a><\/li>\n<li>contact: Hanna Pokorska, phone<a class=\"link-text-blue\" href=\"tel:+48 691 033%C2%A0627\" target=\"_blank\" rel=\"noopener\">\u00a0+48 691 033\u00a0627<\/a><\/li>\n<\/ul>\n<p>Hotel reservation requests sent via email must include the following information:<\/p>\n<ul>\n<li>name and surname of the person staying overnight<\/li>\n<li>a chosen hotel<\/li>\n<li>a date of stay<\/li>\n<li>a room type: single or double<\/li>\n<\/ul>\n<p>THE PRICES INCLUDE BREAKFAST AND ARE PER ROOM PER NIGHT.<\/p>\n<p>After confirming the reservation at the selected hotel, the participant pays for the reservation by making a payment to the hotel's account based on a pro forma invoice or by providing a credit card guarantee, by the date indicated on the reservation confirmation. Reservations are confirmed subject to availability.<\/p>\n\n\t\t<\/div>\n\t<\/div>\n\n\t<div class=\"wpb_text_column wpb_content_element\" >\n\t\t<div class=\"wpb_wrapper\">\n\t\t\t<table>\n<thead>\n<tr>\n<th>Hotel<\/th>\n<th>Standard<\/th>\n<th>Address<\/th>\n<th>Distance to the dojo<\/th>\n<th>Single room<\/th>\n<th>Double room<\/th>\n<\/tr>\n<\/thead>\n<tbody>\n<tr>\n<td><a title=\"Otw\u00f3rz stron\u0119 CITY PARK RESIDENCE (nowa karta)\" href=\"https:\/\/www.cityparkhotel.pl\" target=\"_blank\" rel=\"noopener noreferrer\"><br \/>\nCITY PARK RESIDENCE<\/a><\/td>\n<td>5*<\/td>\n<td>ul. Wyspia\u0144skiego 26 a, 60-751 Pozna\u0144<\/td>\n<td>1 km<\/td>\n<td>1100 PLN<\/td>\n<td>1185 PLN<\/td>\n<\/tr>\n<tr>\n<td><a title=\"Otw\u00f3rz stron\u0119 HOTEL MERCURE POZNA\u0143 CENTRUM (nowa karta)\" href=\"https:\/\/www.accorhotels.com\" target=\"_blank\" rel=\"noopener noreferrer\"><br \/>\nHOTEL MERCURE POZNA\u0143 CENTRUM<\/a><br \/>\n<strong>The offer valid only until the end of 2025<\/strong><\/td>\n<td>4*<\/td>\n<td>ul. Roosevelta 20 60-829 Pozna\u0144<\/td>\n<td>400 m<\/td>\n<td>440 PLN<\/td>\n<td>490 PLN<\/td>\n<\/tr>\n<tr>\n<td><a title=\"Otw\u00f3rz stron\u0119 HOTEL NOVOTEL CENTRUM POZNA\u0143 (nowa karta)\" href=\"https:\/\/www.accorhotels.com\" target=\"_blank\" rel=\"noopener noreferrer\"><br \/>\nHOTEL NOVOTEL CENTRUM POZNA\u0143<\/a><\/td>\n<td>4*<\/td>\n<td>Pl. W\u0142. Andersa 1, 61-898 Pozna\u0144<\/td>\n<td>900 m<\/td>\n<td>450 PLN<\/td>\n<td>510 PLN<\/td>\n<\/tr>\n<tr>\n<td><a title=\"Otw\u00f3rz stron\u0119 NH POZNA\u0143 (nowa karta)\" href=\"https:\/\/www.nhpoznan.pl\" target=\"_blank\" rel=\"noopener noreferrer\"><br \/>\nNH POZNA\u0143<\/a><\/td>\n<td>4*<\/td>\n<td>ul. \u015aw. Marcin 67, 61-806 Pozna\u0144<\/td>\n<td>1 km<\/td>\n<td>409 PLN<\/td>\n<td>459 PLN<\/td>\n<\/tr>\n<tr>\n<td><a title=\"Otw\u00f3rz stron\u0119 MODERNO (nowa karta)\" href=\"https:\/\/www.hotelmoderno.pl\" target=\"_blank\" rel=\"noopener noreferrer\"><br \/>\nMODERNO<\/a><\/td>\n<td>4*<\/td>\n<td>ul. Kolejowa 29, 60-718 Pozna\u0144<\/td>\n<td>1,2 km<\/td>\n<td>460 PLN<\/td>\n<td>540 PLN<\/td>\n<\/tr>\n<tr>\n<td><a title=\"Otw\u00f3rz stron\u0119 PARK INN by RADISSON (nowa karta)\" href=\"https:\/\/www.parkinn.com\/hotel-poznan\" target=\"_blank\" rel=\"noopener noreferrer\"><br \/>\nPARK INN by RADISSON<\/a><\/td>\n<td>4*<\/td>\n<td>ul. Szyperska 22, 61-754 Pozna\u0144<\/td>\n<td>3 km<\/td>\n<td>460 PLN<\/td>\n<td>520 PLN<\/td>\n<\/tr>\n<tr>\n<td><a title=\"Otw\u00f3rz stron\u0119 Liberte (nowa karta)\" href=\"https:\/\/www.liberte33hotel.pl\" target=\"_blank\" rel=\"noopener noreferrer\"><br \/>\nLiberte<\/a><\/td>\n<td>4*<\/td>\n<td>ul. Libelta 33, Pozna\u0144<\/td>\n<td>1 km<\/td>\n<td>409 PLN<\/td>\n<td>479 PLN<\/td>\n<\/tr>\n<tr>\n<td><a title=\"Otw\u00f3rz stron\u0119 De SILVA (nowa karta)\" href=\"https:\/\/www.desilva.pl\/poznan\/\" target=\"_blank\" rel=\"noopener noreferrer\"><br \/>\nDe SILVA<\/a><\/td>\n<td>4*<\/td>\n<td>ul. Piekary 5 61-823 Pozna\u0144<\/td>\n<td>2,5 km<\/td>\n<td>550 PLN<\/td>\n<td>690 PLN<\/td>\n<\/tr>\n<tr>\n<td><a title=\"Otw\u00f3rz stron\u0119 ALTUS (nowa karta)\" href=\"https:\/\/www.hotelaltus.pl\" target=\"_blank\" rel=\"noopener noreferrer\"><br \/>\nALTUS<\/a><\/td>\n<td>3*<\/td>\n<td>ul. \u015aw. Marcin 40, 61-807 Pozna\u0144<\/td>\n<td>1,2 km<\/td>\n<td>430 PLN<\/td>\n<td>495 PLN<\/td>\n<\/tr>\n<tr>\n<td><a title=\"Otw\u00f3rz stron\u0119 Focus (nowa karta)\" href=\"https:\/\/www.focushotels.pl\" target=\"_blank\" rel=\"noopener noreferrer\"><br \/>\nFocus<\/a><\/td>\n<td>3*<\/td>\n<td>ul. Serafitek 4, 61-044 Pozna\u0144<\/td>\n<td>2,5 km<\/td>\n<td>330 PLN<\/td>\n<td>380 PLN<\/td>\n<\/tr>\n<tr>\n<td><a title=\"Otw\u00f3rz stron\u0119 Hotel BB (nowa karta)\" href=\"https:\/\/www.hotelbb.com\" target=\"_blank\" rel=\"noopener noreferrer\"><br \/>\nHotel BB<\/a><\/td>\n<td>3*<\/td>\n<td>Plac Wolno\u015bci 16, 61-739 Pozna\u0144<\/td>\n<td>1,5 km<\/td>\n<td>489 PLN<\/td>\n<td>519 PLN<\/td>\n<\/tr>\n<tr>\n<td><a title=\"Otw\u00f3rz stron\u0119 NOVOTEL MALTA (nowa karta)\" href=\"https:\/\/www.accorhotels.com\" target=\"_blank\" rel=\"noopener noreferrer\"><br \/>\nNOVOTEL MALTA<\/a><br \/>\n<strong>The offer valid only until the end of 2025<\/strong><\/td>\n<td>3*<\/td>\n<td>ul. Termalna 5, 61-028 Pozna\u0144<\/td>\n<td>4 km<\/td>\n<td>440 PLN<\/td>\n<td>490 PLN<\/td>\n<\/tr>\n<tr>\n<td><a title=\"Otw\u00f3rz stron\u0119 HOTEL PARK (nowa karta)\" href=\"https:\/\/www.hotelepark.pl\" target=\"_blank\" rel=\"noopener noreferrer\"><br \/>\nHOTEL PARK<\/a><\/td>\n<td>3*<\/td>\n<td>ul. abpa A. Baraniaka 77, 61-131 Pozna\u0144<\/td>\n<td>3 km<\/td>\n<td>500 PLN<\/td>\n<td>570 PLN<\/td>\n<\/tr>\n<tr>\n<td><a title=\"Otw\u00f3rz stron\u0119 LECHICKA HOTEL (nowa karta)\" href=\"https:\/\/www.hotel-lechicka.pl\" target=\"_blank\" rel=\"noopener noreferrer\"><br \/>\nLECHICKA HOTEL<\/a><\/td>\n<td>3*<\/td>\n<td>ul. Lechicka 101, 61-619 Pozna\u0144<\/td>\n<td>7 km<\/td>\n<td>289 PLN<\/td>\n<td>389 PLN<\/td>\n<\/tr>\n<tr>\n<td><a title=\"Otw\u00f3rz stron\u0119 HOTEL GAJA (nowa karta)\" href=\"https:\/\/www.gaja-hotel.pl\" target=\"_blank\" rel=\"noopener noreferrer\"><br \/>\nHOTEL GAJA<\/a><\/td>\n<td>3*<\/td>\n<td>ul. Gajowa 12, 61-663 Pozna\u0144<\/td>\n<td>100 m<\/td>\n<td>250 PLN<\/td>\n<td>300 PLN<\/td>\n<\/tr>\n<tr>\n<td><a title=\"Otw\u00f3rz stron\u0119 IBIS POZNA\u0143 STARE MIASTO (nowa karta)\" href=\"https:\/\/www.accorhotels.com\" target=\"_blank\" rel=\"noopener noreferrer\"><br \/>\nIBIS POZNA\u0143 STARE MIASTO<\/a><\/td>\n<td>2*<\/td>\n<td>ul. Kazimierza Wielkiego 23, 61-863 Pozna\u0144<\/td>\n<td>2 km<\/td>\n<td>299 PLN<\/td>\n<td>349 PLN<\/td>\n<\/tr>\n<tr>\n<td><a title=\"Otw\u00f3rz stron\u0119 IBIS Suchy Las (nowa karta)\" href=\"https:\/\/www.accorhotels.com\" target=\"_blank\" rel=\"noopener noreferrer\"><br \/>\nIBIS SUCHY LAS<\/a><\/td>\n<td>2*<\/td>\n<td>ul. Konwaliowa 3, 62-002 Pozna\u0144<\/td>\n<td>10 km<\/td>\n<td>350 PLN<\/td>\n<td>400 PLN<\/td>\n<\/tr>\n<\/tbody>\n<\/table>\n\n\t\t<\/div>\n\t<\/div>\n<\/div><\/div><\/div><\/div>\n<\/div>","protected":false},"excerpt":{"rendered":"Hotele Na potrzeby uczestnik\u00f3w obchod\u00f3w 50-lecia aikido w Polsce gwarantujemy specjalne ceny w kilku najwa\u017cniejszych pozna\u0144skich hotelach. Liczba pokoi w\u00a0promocyjnej puli jest\u00a0ograniczona, dlatego rekomendujemy dokonanie rezerwacji najszybciej jak\u00a0jest\u00a0to\u00a0mo\u017cliwe. Zasady dokonywania rezerwacji Wybierz hotel i skontaktuj si\u0119 z Dzia\u0142em Zakwaterowania WTC,...","protected":false},"author":2,"featured_media":0,"parent":0,"menu_order":0,"comment_status":"closed","ping_status":"closed","template":"","meta":{"footnotes":""},"class_list":["post-4214","page","type-page","status-publish","hentry"],"_links":{"self":[{"href":"https:\/\/aikido50.pl\/en\/wp-json\/wp\/v2\/pages\/4214","targetHints":{"allow":["GET"]}}],"collection":[{"href":"https:\/\/aikido50.pl\/en\/wp-json\/wp\/v2\/pages"}],"about":[{"href":"https:\/\/aikido50.pl\/en\/wp-json\/wp\/v2\/types\/page"}],"author":[{"embeddable":true,"href":"https:\/\/aikido50.pl\/en\/wp-json\/wp\/v2\/users\/2"}],"replies":[{"embeddable":true,"href":"https:\/\/aikido50.pl\/en\/wp-json\/wp\/v2\/comments?post=4214"}],"version-history":[{"count":21,"href":"https:\/\/aikido50.pl\/en\/wp-json\/wp\/v2\/pages\/4214\/revisions"}],"predecessor-version":[{"id":4782,"href":"https:\/\/aikido50.pl\/en\/wp-json\/wp\/v2\/pages\/4214\/revisions\/4782"}],"wp:attachment":[{"href":"https:\/\/aikido50.pl\/en\/wp-json\/wp\/v2\/media?parent=4214"}],"curies":[{"name":"wp","href":"https:\/\/api.w.org\/{rel}","templated":true}]}}