{"id":3,"date":"2025-04-10T11:21:03","date_gmt":"2025-04-10T09:21:03","guid":{"rendered":"https:\/\/aikido50.pl\/?page_id=3"},"modified":"2025-09-22T21:04:40","modified_gmt":"2025-09-22T19:04:40","slug":"polityka-prywatnosci","status":"publish","type":"page","link":"https:\/\/aikido50.pl\/en\/polityka-prywatnosci\/","title":{"rendered":"Privacy Policy"},"content":{"rendered":"<div class=\"wpb-content-wrapper\"><div class=\"vc_row wpb_row vc_row-fluid gt-background-position-initial gt-background-attachment-initial gt-overflow-hidden gt-text-default\"><div class=\"wpb_column vc_column_container vc_col-sm-12\"><div class=\"vc_column-inner\"><div class=\"wpb_wrapper\">\n\t<div class=\"wpb_text_column wpb_content_element\" >\n\t\t<div class=\"wpb_wrapper\">\n\t\t\t<h2><b>1. Data Administrator and Data Protection Inspector<\/b><\/h2>\n<ul>\n<li style=\"font-weight: 400;\" aria-level=\"1\"><b>Data Administrator<\/b><span style=\"font-weight: 400;\">: Polska Federacja Aikido z siedzib\u0105 w Warszawie (00-572), przy ulicy Al. Wyzwolenia 9 \/ 45, wpisana do Rejestru Stowarzysze\u0144 prowadzonego przez S\u0105d Wojew\u00f3dzki w Warszawie, VII Wydzia\u0142 Cywilny i Rejestrowy, pod numerem KRS 0000120528, REGON: 012277979, NIP: 525-15-70-039.<\/span><\/li>\n<li style=\"font-weight: 400;\" aria-level=\"1\"><b>Data Protection Officer (DPO)<\/b><span style=\"font-weight: 400;\">: sekretariat@aikido.org.pl<\/span><\/li>\n<\/ul>\n<h2><b>2. Scope and sources of data<\/b><\/h2>\n<p><span style=\"font-weight: 400;\">We collect the following data from users:<\/span><\/p>\n<ul>\n<li style=\"font-weight: 400;\" aria-level=\"1\"><span style=\"font-weight: 400;\">Contact details when purchasing a ticket: name, surname, e-mail address, telephone number.<\/span><\/li>\n<li style=\"font-weight: 400;\" aria-level=\"1\"><span style=\"font-weight: 400;\">Website activity data (cookies, IP address, browser type).<\/span><\/li>\n<\/ul>\n<h2><b>3. Purpose and legal basis of processing<\/b><\/h2>\n<p><span style=\"font-weight: 400;\">We process data for the purpose of:<\/span><\/p>\n<ol>\n<li style=\"font-weight: 400;\" aria-level=\"1\"><span style=\"font-weight: 400;\">Ticket sales and service \u2013 pursuant to Article 6(1)(b) of the GDPR.<\/span><\/li>\n<li style=\"font-weight: 400;\" aria-level=\"1\"><span style=\"font-weight: 400;\">Fulfillment of legal obligations (accounting) \u2013 pursuant to letter c.<\/span><\/li>\n<li style=\"font-weight: 400;\" aria-level=\"1\"><span style=\"font-weight: 400;\">Handling correspondence and contacts \u2013 based on legitimate interest (letter f).<\/span><\/li>\n<li style=\"font-weight: 400;\" aria-level=\"1\"><span style=\"font-weight: 400;\">Marketing the event, providing information about news (with the user\u2019s consent \u2013 letter a).<\/span><\/li>\n<li style=\"font-weight: 400;\" aria-level=\"1\"><span style=\"font-weight: 400;\">Analysis of website activities and its optimization \u2013 based on letter f<\/span><\/li>\n<\/ol>\n<h2><b>4. Data storage period<\/b><\/h2>\n<p><span style=\"font-weight: 400;\">Personal data will be stored:<\/span><\/p>\n<ul>\n<li style=\"font-weight: 400;\" aria-level=\"1\"><span style=\"font-weight: 400;\">for the time necessary to achieve the purpose, i.e. handling the event,<\/span><\/li>\n<li style=\"font-weight: 400;\" aria-level=\"1\"><span style=\"font-weight: 400;\">and then for a period specified in the regulations (e.g. accounting, time for pursuing claims), usually up to 5 years from the end of the event.<\/span><\/li>\n<li style=\"font-weight: 400;\" aria-level=\"1\"><span style=\"font-weight: 400;\">Data processed on the basis of consent are stored only until the consent is withdrawn.<\/span><\/li>\n<\/ul>\n<h2><b>5. Data protection<\/b><\/h2>\n<p><span style=\"font-weight: 400;\">We use organizational, technical and physical measures to protect against unauthorized access to personal data, its leakage and other threats.<\/span><\/p>\n<h2><b>6. Data Sharing<\/b><\/h2>\n<p><span style=\"font-weight: 400;\">Data may be shared:<\/span><\/p>\n<ul>\n<li style=\"font-weight: 400;\" aria-level=\"1\"><span style=\"font-weight: 400;\">Payment service providers, accountants, IT \u2013 under the supervision of the Federation (processing entrustment).<\/span><\/li>\n<li style=\"font-weight: 400;\" aria-level=\"1\"><span style=\"font-weight: 400;\">Public authorities upon legally justified request.<\/span><\/li>\n<li style=\"font-weight: 400;\" aria-level=\"1\"><span style=\"font-weight: 400;\">Technology partners (e.g. Google Analytics, Facebook Pixel) \u2013 with consent and in the context of cookies.<\/span><\/li>\n<\/ul>\n<h2><b>7. Cookies and analytical tools<\/b><\/h2>\n<p><span style=\"font-weight: 400;\">We use cookies on our website to:<\/span><\/p>\n<ul>\n<li style=\"font-weight: 400;\" aria-level=\"1\"><span style=\"font-weight: 400;\">ensuring website functionality (sessions, login),<\/span><\/li>\n<li style=\"font-weight: 400;\" aria-level=\"1\"><span style=\"font-weight: 400;\">traffic analysis and website optimization (Google Analytics, etc.),<\/span><\/li>\n<li style=\"font-weight: 400;\" aria-level=\"1\"><span style=\"font-weight: 400;\">conducting marketing activities (e.g. Facebook Pixel).<\/span><\/li>\n<\/ul>\n<p><span style=\"font-weight: 400;\">The user can manage cookies through browser settings.<\/span><\/p>\n<h2><b>8. Rights of data subjects<\/b><\/h2>\n<p><span style=\"font-weight: 400;\">According to the GDPR, you are entitled to:<\/span><\/p>\n<ul>\n<li style=\"font-weight: 400;\" aria-level=\"1\"><span style=\"font-weight: 400;\">access to data, rectification, supplementation, updating,<\/span><\/li>\n<li style=\"font-weight: 400;\" aria-level=\"1\"><span style=\"font-weight: 400;\">deletion of data (\u201cright to be forgotten\u201d),<\/span><\/li>\n<li style=\"font-weight: 400;\" aria-level=\"1\"><span style=\"font-weight: 400;\">restriction of processing,<\/span><\/li>\n<li style=\"font-weight: 400;\" aria-level=\"1\"><span style=\"font-weight: 400;\">objection to processing based on legitimate interest,<\/span><\/li>\n<li style=\"font-weight: 400;\" aria-level=\"1\"><span style=\"font-weight: 400;\">the right to data portability,<\/span><\/li>\n<li style=\"font-weight: 400;\" aria-level=\"1\"><span style=\"font-weight: 400;\">the right to withdraw consent at any time (without affecting the processing carried out before the withdrawal of consent),<\/span><\/li>\n<li style=\"font-weight: 400;\" aria-level=\"1\"><span style=\"font-weight: 400;\">the right to lodge a complaint with the President of the Personal Data Protection Office<\/span><\/li>\n<\/ul>\n<h2><b>9. Marketing consents<\/b><\/h2>\n<p><span style=\"font-weight: 400;\">When registering or purchasing a ticket, you may consent to:<\/span><\/p>\n<ul>\n<li style=\"font-weight: 400;\" aria-level=\"1\"><span style=\"font-weight: 400;\">receiving e-mail information about the event and subsequent initiatives of the Federation,<\/span><\/li>\n<li style=\"font-weight: 400;\" aria-level=\"1\"><span style=\"font-weight: 400;\">profiling preferences to personalize communication \u2013 in accordance with the GDPR.<\/span><\/li>\n<\/ul>\n<p><span style=\"font-weight: 400;\">The user may withdraw consent at any time, which does not affect the processing of previously performed actions.<\/span><\/p>\n<h2><b>10. Changes to the privacy policy<\/b><\/h2>\n<p><span style=\"font-weight: 400;\">This policy may be updated (e.g., changes to regulations, new features). We will notify users of any changes, for example, via the website or email. The new policy will take effect 14 days after publication.<\/span><\/p>\n<p>&nbsp;<\/p>\n<h3 data-start=\"251\" data-end=\"298\"><\/h3>\n\n\t\t<\/div>\n\t<\/div>\n<\/div><\/div><\/div><\/div>\n<\/div>","protected":false},"excerpt":{"rendered":"1. Administrator i Inspektor Ochrony Danych Administrator: Polska Federacja Aikido z siedzib\u0105 w Warszawie (00-572), przy ulicy Al. Wyzwolenia 9 \/ 45, wpisana do Rejestru Stowarzysze\u0144 prowadzonego przez S\u0105d Wojew\u00f3dzki w Warszawie, VII Wydzia\u0142 Cywilny i Rejestrowy, pod numerem KRS...","protected":false},"author":1,"featured_media":0,"parent":0,"menu_order":0,"comment_status":"closed","ping_status":"open","template":"","meta":{"footnotes":""},"class_list":["post-3","page","type-page","status-publish","hentry"],"_links":{"self":[{"href":"https:\/\/aikido50.pl\/en\/wp-json\/wp\/v2\/pages\/3","targetHints":{"allow":["GET"]}}],"collection":[{"href":"https:\/\/aikido50.pl\/en\/wp-json\/wp\/v2\/pages"}],"about":[{"href":"https:\/\/aikido50.pl\/en\/wp-json\/wp\/v2\/types\/page"}],"author":[{"embeddable":true,"href":"https:\/\/aikido50.pl\/en\/wp-json\/wp\/v2\/users\/1"}],"replies":[{"embeddable":true,"href":"https:\/\/aikido50.pl\/en\/wp-json\/wp\/v2\/comments?post=3"}],"version-history":[{"count":14,"href":"https:\/\/aikido50.pl\/en\/wp-json\/wp\/v2\/pages\/3\/revisions"}],"predecessor-version":[{"id":4451,"href":"https:\/\/aikido50.pl\/en\/wp-json\/wp\/v2\/pages\/3\/revisions\/4451"}],"wp:attachment":[{"href":"https:\/\/aikido50.pl\/en\/wp-json\/wp\/v2\/media?parent=3"}],"curies":[{"name":"wp","href":"https:\/\/api.w.org\/{rel}","templated":true}]}}